{"id":346,"date":"2013-07-31T13:34:46","date_gmt":"2013-07-31T13:34:46","guid":{"rendered":"https:\/\/eltalleracc.ambientals.com\/area-legal-2\/"},"modified":"2013-11-12T18:17:39","modified_gmt":"2013-11-12T18:17:39","slug":"area-legal","status":"publish","type":"page","link":"https:\/\/eltalleracc.ambientals.com\/en\/area-legal\/","title":{"rendered":"Legal area"},"content":{"rendered":"<h1><strong style=\"font-size: 13px;\">\u00a0The difficulty is that these routes are not suitable for people with mobility problems or cardiovascular problems.<\/strong><\/h1>\n<div>\n<h1>Legal ad<\/h1>\n<p>This website is the property of ACC Assessors Ambientals de Catalunya, S.L., \u00a0with CIF B-63937973, being totally prohibited reproduction, distribution or copy of all or part of its or graphic images without permission from ACC, S.L.<\/p>\n<p>All information provided by the website inquiry forms or emails will become part of tiles ACC , SL and treated with the highest degree of confidentiality in accordance with the Organic Law 15\/1999 of 13 December on the Protection of Personal Data . Under no circumstances be disclosed to third parties without the prior consent of the person concerned , except in cases provided by law. ACC S.L. may use this information to send commercial or reporting issues relating to their business . Any person may request the correction or deletion of your information by e -mail to : eltalleracc@ambientals.com<\/p>\n<p>ACC S.L. is not responsible for the use made ??of the minor web information , nor the content of websites that link to the website eltalleracc.ambientals.com<\/p>\n<p>The company reserves the right to update , modify or delete any information or content Graphic Site without notice and without assuming responsibilities.<\/p>\n<p>Territory Natural is a brand of ACC Assessors Ambientals de Catalunya, S.L. company through which develop environmental discovery activities .<\/p>\n<div>\n<h1>Organizing agencies<\/h1>\n<p><strong>All tours are contracted through agencies, which will process the rervations that you send from de web.\u00a0<\/strong><\/p>\n<p><strong>Cooinda Travel, S.L.U.<\/strong>\u00a0following the law as oranizing travel agencies. With direction in Ronda Universitat 7, 1\u00ba-1\u00aa \u2013 08007 de Barcelona with tax identification number B-65431686 and title\u00a0<strong>GCMD-291.<\/strong><\/p>\n<p><strong>Fent Milles, S.L.<\/strong>\u00a0\u00a0following the law as oranizing travel agencies. With direction in street antic Cam\u00ed del Pilar, 39 baixos 08512 de Sant Hip\u00f2lit de Voltreg\u00e0 awith tax identification number\u00a0B-63427017 and title\u00a0<strong>GC-1136.<\/strong><\/p>\n<p>&nbsp;<\/p>\n<h1>Pol\u00edtica de \u201cCookies\u201d<\/h1>\n<p>Per al bon funcionament del lloc web de\u00a0<span style=\"color: #808080;\"><a href=\"https:\/\/eltalleracc.ambientals.com\/\"><span style=\"color: #808080;\">eltalleracc.ambientals.com<\/span><\/a><\/span>, el sistema de navegaci\u00f3 i el programari utilitzat recullen algunes dades de navegaci\u00f3 (endavant anomenades \u201ccookies\u201d) que s\u00f3n necess\u00e0ries en l\u2019\u00fas dels protocols de comunicaci\u00f3 d\u2019internet. Les \u201ccookies\u201d s\u00f3n petits arxius de text que el navegador emmagatzema quan es navega per llocs web i aplicacions. Es pot recollir l\u2019adre\u00e7a IP que utlitza l\u2019ordinador per connectar-se al lloc web, l\u2019adre\u00e7a URL de la p\u00e0gina web demanada, l\u2019hora de la connexi\u00f3 i altres par\u00e0metres relatius al sistema operatiu de l\u2019entorn inform\u00e0tic de l\u2018usuari. Aquesta informaci\u00f3 no s\u2019associa a cap persona perqu\u00e8 no s\u2019emmagatzemen dades personals identificatives, sin\u00f3 que \u00e9s nom\u00e9s una informaci\u00f3 que es recull per identificar la sessi\u00f3 amb l\u2019objectiu de facilitar les an\u00e0lisis del lloc web.<\/p>\n<p>Les \u201ccookies\u201d queden guardades a la mem\u00f2ria del navegador de l\u2019usuari, tot i que la informaci\u00f3 que contenen no s\u2019utilitza.<\/p>\n<p>En aquesta secci\u00f3 donarem a l\u2019usuari \u00a0informaci\u00f3 espec\u00edfica de les \u201ccookies\u201d que s\u2019utilitzen a la nostra p\u00e0gina i informarem l\u2019usuari de les maneres m\u00e9s habituals per esborrar-les o desactivar-les. Per controlar l\u2019\u00fas de les \u201ccookies\u201d per part dels llocs web, l\u2019usuari pot definir la configuraci\u00f3 de privacitat del seu navegador. Si es deshabiliten completament les \u201dcookies\u201d \u00e9s possible que alguns serveis de\u00a0<span style=\"color: #888888;\"><a href=\"https:\/\/eltalleracc.ambientals.com\/\"><span style=\"color: #888888;\">eltalleracc.ambientals.com<\/span><\/a><\/span>\u00a0no funcionin correctament.<\/p>\n<h2>&#8211; Gesti\u00f3 de les \u201ccookies\u201d<\/h2>\n<p>Tot i que a\u00a0<span style=\"color: #888888;\"><a href=\"https:\/\/eltalleracc.ambientals.com\/\"><span style=\"color: #888888;\">eltalleracc.ambientals.com<\/span><\/a><\/span>\u00a0no utilitza \u201ccookies\u201d per recaptar dades personals identificatives, informem de la manera com l\u2019usuari pot restringir o bloquejar les \u201ccookies\u201d quan navega pel lloc web de\u00a0<span style=\"color: #888888;\"><a href=\"https:\/\/eltalleracc.ambientals.com\/\"><span style=\"color: #888888;\">eltalleracc.ambientals.com<\/span><\/a><\/span>.<\/p>\n<p>Recomanem el lloc web\u00a0<span style=\"color: #888888;\"><a href=\"http:\/\/www.aboutcookies.org\/\"><span style=\"color: #888888;\">www.aboutcookies.org<\/span><\/a><\/span>\u00a0als usuaris que vulguin m\u00e9s informaci\u00f3 i m\u00e9s detalls sobre la gesti\u00f3 de \u201ccookies\u201d.<\/p>\n<p>En aquesta adre\u00e7a\u00a0<span style=\"color: #888888;\"><a href=\"http:\/\/www.aboutcookies.org\/Default.aspx?page=1\"><span style=\"color: #888888;\">http:\/\/www.aboutcookies.org\/Default.aspx?page=1<\/span><\/a><\/span>\u00a0es pot consultar com gestionar les \u201ccookies\u201d segons el navegador.<\/p>\n<\/div>\n<\/div>\n","protected":false},"excerpt":{"rendered":"<p>\u00a0The difficulty is that these routes are not suitable for people with mobility problems or cardiovascular problems. Legal ad This website is the property of ACC Assessors Ambientals de Catalunya, S.L., \u00a0with CIF B-63937973, being totally prohibited reproduction, distribution or copy of all or part of its or graphic images without permission from ACC, S.L. [&hellip;]<\/p>\n","protected":false},"author":2,"featured_media":0,"parent":0,"menu_order":0,"comment_status":"open","ping_status":"open","template":"","meta":{"_acf_changed":false,"footnotes":""},"class_list":["post-346","page","type-page","status-publish","hentry"],"acf":[],"aioseo_notices":[],"_links":{"self":[{"href":"https:\/\/eltalleracc.ambientals.com\/en\/wp-json\/wp\/v2\/pages\/346","targetHints":{"allow":["GET"]}}],"collection":[{"href":"https:\/\/eltalleracc.ambientals.com\/en\/wp-json\/wp\/v2\/pages"}],"about":[{"href":"https:\/\/eltalleracc.ambientals.com\/en\/wp-json\/wp\/v2\/types\/page"}],"author":[{"embeddable":true,"href":"https:\/\/eltalleracc.ambientals.com\/en\/wp-json\/wp\/v2\/users\/2"}],"replies":[{"embeddable":true,"href":"https:\/\/eltalleracc.ambientals.com\/en\/wp-json\/wp\/v2\/comments?post=346"}],"version-history":[{"count":3,"href":"https:\/\/eltalleracc.ambientals.com\/en\/wp-json\/wp\/v2\/pages\/346\/revisions"}],"predecessor-version":[{"id":544,"href":"https:\/\/eltalleracc.ambientals.com\/en\/wp-json\/wp\/v2\/pages\/346\/revisions\/544"}],"wp:attachment":[{"href":"https:\/\/eltalleracc.ambientals.com\/en\/wp-json\/wp\/v2\/media?parent=346"}],"curies":[{"name":"wp","href":"https:\/\/api.w.org\/{rel}","templated":true}]}}