{"id":348,"date":"2013-07-31T13:34:46","date_gmt":"2013-07-31T13:34:46","guid":{"rendered":"https:\/\/eltalleracc.ambientals.com\/area-legal-2\/"},"modified":"2013-11-08T07:26:45","modified_gmt":"2013-11-08T07:26:45","slug":"area-legal","status":"publish","type":"page","link":"https:\/\/eltalleracc.ambientals.com\/es\/area-legal\/","title":{"rendered":"\u00c1rea legal"},"content":{"rendered":"<h1><strong style=\"font-size: 13px;\">La dificultad de las rutas hace que \u00e9stas no sean id\u00f3neas para personas con problemas de movilidad o con problemas cardiovasculares.\u00a0<\/strong><\/h1>\n<div>\n<p>&nbsp;<\/p>\n<p><span style=\"font-size: 2em;\">Aviso legal<\/span><\/p>\n<p>Esta web es propiedad de la empresa ACC Assessors Ambientals de Catalunya, S.L., con CIF B-63937973, quedando totalmente prohibida su reproducci\u00f3n, distribuci\u00f3n o copia total o parcial de sus contenidos o imagen gr\u00e1fica sin autorizaci\u00f3n de ACC. S.L.<\/p>\n<p>Todos los datos facilitados mediante los formularios de consulta de la web o correos electr\u00f3nicos pasar\u00e1n a formar parte de los fitxeros de ACC, S.L. y ser\u00e1n tratados con el m\u00e1ximo grado de confidencialidad de acuerdo con la <strong>ley Org\u00e1nica 15\/1999 de 13 de diciembre de Protecci\u00f3n de Datos de Car\u00e1cter Personal.<\/strong>\u00a0En ning\u00fan caso ser\u00e1n cedidos a terceros sin el consentimiento previo del interesado, exceptuando los casos previstos legalmentente. ACC, S.L. podr\u00e0 hacer uso de estos dator para enviar ofertas comerciales o informar de aspectos referentes a su actividad empresarial. Cualquier persona puede solicitar la rectificaci\u00f3n o cancelaci\u00f3n de sus datos mediante correo electr\u00f3nico a la direcci\u00f3n:\u00a0<strong>eltalleracc@ambientals.com<\/strong><\/p>\n<p>ACC, S.L. \u00a0no se responsabiliza del uso que realicen los menores de edad de la informaci\u00f3n de la web, as\u00ed como tampoco de los contenidos de las webs que enlacen con el sitio eltalleracc.ambientals.com<\/p>\n<p>La empresa se reserva el derecho a actualizar, modificar o eliminar cualquier contenido informativo o gr\u00e1fico de la web sin previo aviso y sin asumir responsabilidades.<\/p>\n<p><strong>Territori Natural<\/strong>\u00a0es una marca de la empresa ACC Assessors Ambientals de Catalunya, S.L. a trav\u00e9s de la cual se desarrollan actividades de descubrimiento del medio.<\/p>\n<p><b>\u00a0<\/b><\/p>\n<div>\n<h1>Agencias organizadoras<\/h1>\n<h1><strong style=\"font-size: 13px;\">Todas las rutas seran contratadas mediante las diferentes agencias, las cuales tramitar\u00e1n las reservas que env\u00ede desde la web.\u00a0<\/strong><strong><\/strong><\/h1>\n<p><strong>Cooinda Travel, S.L.U.<\/strong>\u00a0como organizadora siguiendo la ley de agencias de viajes. Con domicilio en la \u00a0Ronda Universitat 7, 1\u00ba-1\u00aa \u2013 08007 de Barcelona con el n\u00famero de identificaci\u00f3n fiscal B-65431686 y t\u00edtulo\u00a0<strong>GCMD-291.<\/strong><\/p>\n<p><strong>Fent Milles, S.L.<\/strong>\u00a0como organizadora siguiendo la ley de agencias de viajes. Con domicilio en la calle de l&#8217;Antic Cam\u00ed del Pilar, 39 bajos \u2013 08512 de Sant Hip\u00f2lit de Voltreg\u00e0 con el n\u00famero de identificaci\u00f3n fiscal B-63427017 y t\u00edtulo\u00a0<strong>GC-1136.<\/strong><\/p>\n<h1><strong>\u00a0<\/strong><\/h1>\n<h1>Pol\u00edtica de \u201cCookies\u201d<\/h1>\n<p>Para el buen funcionamiento del sitio web de <span style=\"color: #808080;\"><a href=\"https:\/\/eltalleracc.ambientals.com\/\"><span style=\"color: #808080;\">eltalleracc.ambientals.com<\/span><\/a><\/span>, el sistema de navegaci\u00f3n y el software utilizado recogen algunos datos de navegaci\u00f3n (en adelante denominadas \u201ccookies\u201d) que son necesarias en el uso de los protocolos de comunicaci\u00f3n de Internet. Las \u201ccookies\u201d son peque\u00f1os archivos de texto que el navegador almacena cuando se navega por sitios web y aplicaciones. Se puede recoger la direcci\u00f3n IP que utiliza el ordenador para conectarse al sitio web, la direcci\u00f3n URL de la p\u00e1gina web solicitada, la hora de la conexi\u00f3n y otros par\u00e1metros relativos al sistema operativo del entorno inform\u00e1tico del usuario. Esta informaci\u00f3n no se asocia a ninguna persona ya que no se almacenan datos personales identificativos, sino que es s\u00f3lo una informaci\u00f3n que se recoge para identificar la sesi\u00f3n con el objetivo de facilitar los an\u00e1lisis del sitio web.<\/p>\n<p>Las \u201ccookies\u201d quedan guardadas en la memoria del navegador del usuario, aunque la informaci\u00f3n que contienen no se utiliza.<\/p>\n<p>En esta secci\u00f3n daremos al usuario informaci\u00f3n espec\u00edfica de las \u201ccookies\u201d que se utilizan en nuestra p\u00e1gina e informaremos al usuario de las formas m\u00e1s habituales para borrarlas o desactivarlas. Para controlar el uso de las \u00a0\u201ccookies\u201d por parte de los sitios web, el usuario puede definir la configuraci\u00f3n de privacidad de su navegador. Si es deshabilitan completamente las \u201dcookies\u201d es posible que algunos servicios de <span style=\"color: #888888;\"><a href=\"https:\/\/eltalleracc.ambientals.com\/\"><span style=\"color: #888888;\">eltalleracc.ambientals.com<\/span><\/a><\/span>\u00a0no funcionen correctamente.<\/p>\n<h2>&#8211; Gesti\u00f3n de las \u201ccookies\u201d<\/h2>\n<p>Aunque en\u00a0<span style=\"color: #888888;\"><a href=\"https:\/\/eltalleracc.ambientals.com\/\"><span style=\"color: #888888;\">eltalleracc.ambientals.com<\/span><\/a><\/span>\u00a0no utilizamos \u201ccookies\u201d para recabar datos personales identificativos, informamos de la manera como el usuario puede restringir o bloquear las \u201ccookies\u201d cuando navega por el sitio web de\u00a0<span style=\"color: #888888;\"><a href=\"https:\/\/eltalleracc.ambientals.com\/\"><span style=\"color: #888888;\">eltalleracc.ambientals.com<\/span><\/a><\/span>.<\/p>\n<p>Recomendamos el sitio web\u00a0<span style=\"color: #888888;\"><a href=\"http:\/\/www.aboutcookies.org\/\"><span style=\"color: #888888;\">www.aboutcookies.org<\/span><\/a><\/span>\u00a0a los usuarios que deseen m\u00e1s informaci\u00f3n y m\u00e1s detalles sobre la gesti\u00f3n de las \u201ccookies\u201d.<\/p>\n<p>En esta direcci\u00f3n\u00a0<span style=\"color: #888888;\"><a href=\"http:\/\/www.aboutcookies.org\/Default.aspx?page=1\"><span style=\"color: #888888;\">http:\/\/www.aboutcookies.org\/Default.aspx?page=1<\/span><\/a><\/span>\u00a0se puede consultar como gestionar las \u00a0\u201ccookies\u201d seg\u00fan el navegador.<\/p>\n<\/div>\n<\/div>\n","protected":false},"excerpt":{"rendered":"<p>La dificultad de las rutas hace que \u00e9stas no sean id\u00f3neas para personas con problemas de movilidad o con problemas cardiovasculares.\u00a0 &nbsp; Aviso legal Esta web es propiedad de la empresa ACC Assessors Ambientals de Catalunya, S.L., con CIF B-63937973, quedando totalmente prohibida su reproducci\u00f3n, distribuci\u00f3n o copia total o parcial de sus contenidos o [&hellip;]<\/p>\n","protected":false},"author":2,"featured_media":0,"parent":0,"menu_order":0,"comment_status":"open","ping_status":"open","template":"","meta":{"_acf_changed":false,"footnotes":""},"class_list":["post-348","page","type-page","status-publish","hentry"],"acf":[],"aioseo_notices":[],"_links":{"self":[{"href":"https:\/\/eltalleracc.ambientals.com\/es\/wp-json\/wp\/v2\/pages\/348","targetHints":{"allow":["GET"]}}],"collection":[{"href":"https:\/\/eltalleracc.ambientals.com\/es\/wp-json\/wp\/v2\/pages"}],"about":[{"href":"https:\/\/eltalleracc.ambientals.com\/es\/wp-json\/wp\/v2\/types\/page"}],"author":[{"embeddable":true,"href":"https:\/\/eltalleracc.ambientals.com\/es\/wp-json\/wp\/v2\/users\/2"}],"replies":[{"embeddable":true,"href":"https:\/\/eltalleracc.ambientals.com\/es\/wp-json\/wp\/v2\/comments?post=348"}],"version-history":[{"count":4,"href":"https:\/\/eltalleracc.ambientals.com\/es\/wp-json\/wp\/v2\/pages\/348\/revisions"}],"predecessor-version":[{"id":513,"href":"https:\/\/eltalleracc.ambientals.com\/es\/wp-json\/wp\/v2\/pages\/348\/revisions\/513"}],"wp:attachment":[{"href":"https:\/\/eltalleracc.ambientals.com\/es\/wp-json\/wp\/v2\/media?parent=348"}],"curies":[{"name":"wp","href":"https:\/\/api.w.org\/{rel}","templated":true}]}}