{"id":351,"date":"2013-07-31T09:14:10","date_gmt":"2013-07-31T09:14:10","guid":{"rendered":"https:\/\/eltalleracc.ambientals.com\/activitats-2\/"},"modified":"2013-11-15T08:54:54","modified_gmt":"2013-11-15T08:54:54","slug":"actividades","status":"publish","type":"page","link":"https:\/\/eltalleracc.ambientals.com\/es\/actividades\/","title":{"rendered":"ACTIVIDADES"},"content":{"rendered":"<p>Cada d\u00eda de la traves\u00eda, finalizada la caminata y hasta la hora de cenar, dispondreis de un rato libre que podr\u00e9is disfrutar a vuestro aire, o bien realizar alguna de las actividades complementarias que proponemos aqu\u00ed.<\/p>\n<p>Algunas de las actividades requieren de un n\u00famero m\u00ednimo de participantes para poderlas llevar a cabo. En otros casos, la actividad est\u00e1 estrechamente ligada a una zona concreta del territorio, y por tanto, s\u00f3lo se podr\u00e1 efectuar en un d\u00eda concreto de la traves\u00eda.<\/p>\n<p>Estas actividades no est\u00e1n incluidas en el precio total del paquete y ser\u00e1n cobradas aparte antes de ser realizadas.<\/p>\n<p>&nbsp;<\/p>\n<p>&nbsp;<\/p>\n","protected":false},"excerpt":{"rendered":"<p>Cada d\u00eda de la traves\u00eda, finalizada la caminata y hasta la hora de cenar, dispondreis de un rato libre que podr\u00e9is disfrutar a vuestro aire, o bien realizar alguna de las actividades complementarias que proponemos aqu\u00ed. Algunas de las actividades requieren de un n\u00famero m\u00ednimo de participantes para poderlas llevar a cabo. En otros casos, [&hellip;]<\/p>\n","protected":false},"author":2,"featured_media":0,"parent":0,"menu_order":0,"comment_status":"open","ping_status":"open","template":"page-activitats.php","meta":{"_acf_changed":false,"footnotes":""},"class_list":["post-351","page","type-page","status-publish","hentry"],"acf":[],"aioseo_notices":[],"_links":{"self":[{"href":"https:\/\/eltalleracc.ambientals.com\/es\/wp-json\/wp\/v2\/pages\/351","targetHints":{"allow":["GET"]}}],"collection":[{"href":"https:\/\/eltalleracc.ambientals.com\/es\/wp-json\/wp\/v2\/pages"}],"about":[{"href":"https:\/\/eltalleracc.ambientals.com\/es\/wp-json\/wp\/v2\/types\/page"}],"author":[{"embeddable":true,"href":"https:\/\/eltalleracc.ambientals.com\/es\/wp-json\/wp\/v2\/users\/2"}],"replies":[{"embeddable":true,"href":"https:\/\/eltalleracc.ambientals.com\/es\/wp-json\/wp\/v2\/comments?post=351"}],"version-history":[{"count":4,"href":"https:\/\/eltalleracc.ambientals.com\/es\/wp-json\/wp\/v2\/pages\/351\/revisions"}],"predecessor-version":[{"id":552,"href":"https:\/\/eltalleracc.ambientals.com\/es\/wp-json\/wp\/v2\/pages\/351\/revisions\/552"}],"wp:attachment":[{"href":"https:\/\/eltalleracc.ambientals.com\/es\/wp-json\/wp\/v2\/media?parent=351"}],"curies":[{"name":"wp","href":"https:\/\/api.w.org\/{rel}","templated":true}]}}