{"id":381,"date":"2013-07-31T13:05:38","date_gmt":"2013-07-31T13:05:38","guid":{"rendered":"https:\/\/eltalleracc.ambientals.com\/reserves-2\/"},"modified":"2013-11-15T09:04:03","modified_gmt":"2013-11-15T09:04:03","slug":"reservas","status":"publish","type":"page","link":"https:\/\/eltalleracc.ambientals.com\/es\/reservas\/","title":{"rendered":"RESERVAS"},"content":{"rendered":"<p>Pod\u00e9is realizar la reserva de vuestra ruta a trav\u00e9s de este formulario, indicando todos los comentarios que consider\u00e9is oportunos.<\/p>\n<p>Tambi\u00e9n pod\u00e9is realizar la reserva del producto tur\u00edstico de forma presencial, v\u00eda correo electr\u00f3nico o v\u00eda telef\u00f3nica, donde os atenderemos con mucho gusto.<\/p>\n<p>El plazo m\u00ednimo de reserva son 15 d\u00edas y \u00e9stas est\u00e1n sujetas a disponibilidad.<\/p>\n<p>Las rutas son aptas para adultos o mayores de 16 a\u00f1os acompa\u00f1ados de un adulto.<\/p>\n<p>&nbsp;<\/p>\n<p style=\"text-align: left;\"><strong>Cooinda Travel<\/strong><\/p>\n<p style=\"text-align: left;\">Ronda Universitat, 7 1\u00ba 1\u00aa<\/p>\n<p style=\"text-align: left;\">08007 \u00a0Barcelona<\/p>\n<p style=\"text-align: left;\">Tl.\u00a0933187084<\/p>\n<p>&nbsp;<\/p>\n<p><strong>Fent Milles<\/strong><\/p>\n<p>C\/Antic Cam\u00ed del Pilar, 39 Baixos<\/p>\n<p>08512 Sant Hip\u00f2lit de Voltreg\u00e0<\/p>\n<p>Tl. 938571313<\/p>\n<p>&nbsp;<\/p>\n<p><strong>Territori Natural<\/strong><\/p>\n<p>eltalleracc@ambientals.com<\/p>\n<p>Tl. 938857272<\/p>\n<p>M. 649171776<\/p>\n<p>eltalleracc.ambientals.com<\/p>\n<p>&nbsp;<\/p>\n<p><strong>\u00a0<\/strong><\/p>\n","protected":false},"excerpt":{"rendered":"<p>Pod\u00e9is realizar la reserva de vuestra ruta a trav\u00e9s de este formulario, indicando todos los comentarios que consider\u00e9is oportunos. Tambi\u00e9n pod\u00e9is realizar la reserva del producto tur\u00edstico de forma presencial, v\u00eda correo electr\u00f3nico o v\u00eda telef\u00f3nica, donde os atenderemos con mucho gusto. El plazo m\u00ednimo de reserva son 15 d\u00edas y \u00e9stas est\u00e1n sujetas a [&hellip;]<\/p>\n","protected":false},"author":2,"featured_media":0,"parent":0,"menu_order":0,"comment_status":"open","ping_status":"open","template":"page-contactar.php","meta":{"_acf_changed":false,"footnotes":""},"class_list":["post-381","page","type-page","status-publish","hentry"],"acf":[],"aioseo_notices":[],"_links":{"self":[{"href":"https:\/\/eltalleracc.ambientals.com\/es\/wp-json\/wp\/v2\/pages\/381","targetHints":{"allow":["GET"]}}],"collection":[{"href":"https:\/\/eltalleracc.ambientals.com\/es\/wp-json\/wp\/v2\/pages"}],"about":[{"href":"https:\/\/eltalleracc.ambientals.com\/es\/wp-json\/wp\/v2\/types\/page"}],"author":[{"embeddable":true,"href":"https:\/\/eltalleracc.ambientals.com\/es\/wp-json\/wp\/v2\/users\/2"}],"replies":[{"embeddable":true,"href":"https:\/\/eltalleracc.ambientals.com\/es\/wp-json\/wp\/v2\/comments?post=381"}],"version-history":[{"count":4,"href":"https:\/\/eltalleracc.ambientals.com\/es\/wp-json\/wp\/v2\/pages\/381\/revisions"}],"predecessor-version":[{"id":555,"href":"https:\/\/eltalleracc.ambientals.com\/es\/wp-json\/wp\/v2\/pages\/381\/revisions\/555"}],"wp:attachment":[{"href":"https:\/\/eltalleracc.ambientals.com\/es\/wp-json\/wp\/v2\/media?parent=381"}],"curies":[{"name":"wp","href":"https:\/\/api.w.org\/{rel}","templated":true}]}}