{"id":387,"date":"2013-07-31T09:13:17","date_gmt":"2013-07-31T09:13:17","guid":{"rendered":"https:\/\/eltalleracc.ambientals.com\/qui-som-2\/"},"modified":"2014-10-29T12:39:03","modified_gmt":"2014-10-29T12:39:03","slug":"quienes-somos","status":"publish","type":"page","link":"https:\/\/eltalleracc.ambientals.com\/es\/quienes-somos\/","title":{"rendered":"QUIENES SOMOS"},"content":{"rendered":"<p><strong>Territori Natural <\/strong>\u00a0es un grupo dedicado a organizar rutas guiadas de senderismo, que permiten al participante una buena descubierta de nuestro entorno. Una experiencia tur\u00edstica de senderismo \u00fanica, que permite descubrir el territorio natural de una forma diferente. De la mano de gu\u00edas especializados y conocedores del territorio podr\u00e9is conocer paisajes id\u00edlicos, curiosidades del entorno, productos t\u00edpicos y muchas m\u00e1s cosas.<\/p>\n<p><strong>Territori Natural\u00a0<\/strong>est\u00e1 formado por la uni\u00f3n de diferentes profesionales; conocedores del territorio, gu\u00edas especializados y agencias de viajes. Juntos trabajamos para crear un producto ecotur\u00edstico muy especial, en el que cada profesional aporta su granito de arena para hacerlo \u00fanico.<\/p>\n<p>Los conocedores y estudiosos del territorio aportan al producto las zonas y lugares m\u00e1s interesantes para ser visitados, as\u00ed como las rutas m\u00e1s adecuadas a trav\u00e9s de las cuales poder ver y disfrutar de los mejores paisajes y productos tradicionales.<\/p>\n<p>Los gu\u00edas especializados aseguran que la actividad de senderismo se realiza de una forma segura y profesional.<\/p>\n<p>Y, finalmente, las agencias de viajes\u00a0nos ofrecen su experiencia en la comercializaci\u00f3n y gesti\u00f3n de productos tur\u00edsticos y ecotur\u00edsticos.<\/p>\n<p>El resultado es esta propuesta de descubrimiento del entorno natural y rural \u00a0a trav\u00e9s del senderismo, para conocer y disfrutar de primera mano de los encantos del territorio. La experiencia os permitir\u00e1 saborear su paisaje, su entorno y sus productos sin preocuparse de nada m\u00e1s. Nosotros nos encargamos del resto.<\/p>\n<p><strong>Ven y disfruta de unas experiencias eco-tur\u00edsticas \u00fanicas.\u00a0<\/strong><\/p>\n","protected":false},"excerpt":{"rendered":"<p>Territori Natural \u00a0es un grupo dedicado a organizar rutas guiadas de senderismo, que permiten al participante una buena descubierta de nuestro entorno. Una experiencia tur\u00edstica de senderismo \u00fanica, que permite descubrir el territorio natural de una forma diferente. De la mano de gu\u00edas especializados y conocedores del territorio podr\u00e9is conocer paisajes id\u00edlicos, curiosidades del entorno, [&hellip;]<\/p>\n","protected":false},"author":2,"featured_media":0,"parent":0,"menu_order":0,"comment_status":"open","ping_status":"open","template":"page-quisom.php","meta":{"_acf_changed":false,"footnotes":""},"class_list":["post-387","page","type-page","status-publish","hentry"],"acf":[],"aioseo_notices":[],"_links":{"self":[{"href":"https:\/\/eltalleracc.ambientals.com\/es\/wp-json\/wp\/v2\/pages\/387","targetHints":{"allow":["GET"]}}],"collection":[{"href":"https:\/\/eltalleracc.ambientals.com\/es\/wp-json\/wp\/v2\/pages"}],"about":[{"href":"https:\/\/eltalleracc.ambientals.com\/es\/wp-json\/wp\/v2\/types\/page"}],"author":[{"embeddable":true,"href":"https:\/\/eltalleracc.ambientals.com\/es\/wp-json\/wp\/v2\/users\/2"}],"replies":[{"embeddable":true,"href":"https:\/\/eltalleracc.ambientals.com\/es\/wp-json\/wp\/v2\/comments?post=387"}],"version-history":[{"count":5,"href":"https:\/\/eltalleracc.ambientals.com\/es\/wp-json\/wp\/v2\/pages\/387\/revisions"}],"predecessor-version":[{"id":612,"href":"https:\/\/eltalleracc.ambientals.com\/es\/wp-json\/wp\/v2\/pages\/387\/revisions\/612"}],"wp:attachment":[{"href":"https:\/\/eltalleracc.ambientals.com\/es\/wp-json\/wp\/v2\/media?parent=387"}],"curies":[{"name":"wp","href":"https:\/\/api.w.org\/{rel}","templated":true}]}}