{"id":390,"date":"2013-07-31T09:14:21","date_gmt":"2013-07-31T09:14:21","guid":{"rendered":"https:\/\/eltalleracc.ambientals.com\/galeria-2\/"},"modified":"2013-11-07T15:09:52","modified_gmt":"2013-11-07T15:09:52","slug":"galeria","status":"publish","type":"page","link":"https:\/\/eltalleracc.ambientals.com\/es\/galeria\/","title":{"rendered":"GALERIA"},"content":{"rendered":"<div class=\"rx_isotope_ui\"><ul class=\"isotopeMenu\" data-selectedcolor=\"6abde9\" data-lightboxcolor=\"6abde9\"><li><a class=\"eye\" style=\"color: #484848;\" href=\"*\">All<\/a><\/li><li><a class=\"eye\" style=\"color: #484848;\" href=\"_groupUUJBMYCY6PTVIS6IE1PHUPPB91JTV0IQ\">Im\u00e1genes Ruta 1<\/a><\/li><li><a class=\"eye\" style=\"color: #484848;\" href=\"_groupB2BJD7VIBLB7U0DEMAHFQ868TWAMIDM5\">Im\u00e1genes Ruta 2<\/a><\/li><li><a class=\"eye\" style=\"color: #484848;\" href=\"_groupLJ2WQY7T6DV5G3I159YLRFGYW4N175I7\">Im\u00e1genes Ruta 3<\/a><\/li><li><a class=\"eye\" style=\"color: #484848;\" href=\"_groupIINP9WP1HR6I9W43H69FY0K64U5211RC\">Im\u00e1genes Llu\u00e7an\u00e8s<\/a><\/li><\/ul><div class=\"isotope_top_space\"><\/div><div class=\"isotopeContainer\"><div style=\"width: 250px; height: 250px; margin: 5px;\" class=\"isotopeItem _groupUUJBMYCY6PTVIS6IE1PHUPPB91JTV0IQ\">\n\t\t\t\t\t\t\t<img decoding=\"async\" class=\"isotopeThumb\" src=\"http:\/\/placehold.it\/250x250\" \/>\n\t\t\t\t\t\t\t<div class=\"isotopeItemOverlay\" data-indx=\"0\" data-full_url=\"http:\/\/placehold.it\/1000x800\" style=\"background-color: #6abde9;background: rgba(106, 189, 233, .15);\">\n\t\t\t\t\t\t\t\t<div class=\"rx_isotope_beacon\">\n\t\t\t\t\t\t\t\t\t<div class=\"genericBeaconIsotope\" data-href=\"#\">\n\t\t\t\t\t\t\t\t\t\t<div class=\"beaconCircle1\" style=\"background-color: #6abde9;background: rgba(106, 189, 233, .4);\"><\/div>\n\t\t\t\t\t\t\t\t\t\t<div class=\"beaconCircle2\" style=\"background-color: #6abde9;background: rgba(106, 189, 233, .8);\">\n\t\t\t\t\t\t\t\t\t\t\t<img decoding=\"async\" class=\"isotopeItemOpenLink\" src=\"https:\/\/eltalleracc.ambientals.com\/wp-content\/plugins\/isotope_gallery_installer\/images\/link_icon_beacon.png\" alt=\"\" \/>\n\t\t\t\t\t\t\t\t\t\t<\/div>\n\t\t\t\t\t\t\t\t\t<\/div>\t\n\t\t\t\t\t\t\t\t<\/div>\n\t\t\t\t\t\t\t\t<p class=\"isotopeItemCaption\">BALMA DEL MOLI BERNAT<\/p>\t\t\t\t\t\t\t\n\t\t\t\t\t\t\t<\/div>\t\t\t\t\t\t\n\t\t\t\t\t\t<\/div><div style=\"width: 250px; height: 250px; margin: 5px;\" class=\"isotopeItem _groupUUJBMYCY6PTVIS6IE1PHUPPB91JTV0IQ\">\n\t\t\t\t\t\t\t<img decoding=\"async\" class=\"isotopeThumb\" src=\"http:\/\/placehold.it\/250x250\" \/>\n\t\t\t\t\t\t\t<div class=\"isotopeItemOverlay\" data-indx=\"1\" data-full_url=\"http:\/\/placehold.it\/1000x800\" style=\"background-color: #6abde9;background: rgba(106, 189, 233, .15);\">\n\t\t\t\t\t\t\t\t<div class=\"rx_isotope_beacon\">\n\t\t\t\t\t\t\t\t\t<div class=\"genericBeaconIsotope\" data-href=\"#\">\n\t\t\t\t\t\t\t\t\t\t<div class=\"beaconCircle1\" style=\"background-color: #6abde9;background: rgba(106, 189, 233, .4);\"><\/div>\n\t\t\t\t\t\t\t\t\t\t<div class=\"beaconCircle2\" style=\"background-color: #6abde9;background: rgba(106, 189, 233, .8);\">\n\t\t\t\t\t\t\t\t\t\t\t<img decoding=\"async\" class=\"isotopeItemOpenLink\" src=\"https:\/\/eltalleracc.ambientals.com\/wp-content\/plugins\/isotope_gallery_installer\/images\/link_icon_beacon.png\" alt=\"\" \/>\n\t\t\t\t\t\t\t\t\t\t<\/div>\n\t\t\t\t\t\t\t\t\t<\/div>\t\n\t\t\t\t\t\t\t\t<\/div>\n\t\t\t\t\t\t\t\t<p class=\"isotopeItemCaption\">CAMINO DE ACCESO AL MOL\u00cd BERNAT<\/p>\t\t\t\t\t\t\t\n\t\t\t\t\t\t\t<\/div>\t\t\t\t\t\t\n\t\t\t\t\t\t<\/div><div style=\"width: 250px; height: 250px; margin: 5px;\" class=\"isotopeItem _groupB2BJD7VIBLB7U0DEMAHFQ868TWAMIDM5\">\n\t\t\t\t\t\t\t<img decoding=\"async\" class=\"isotopeThumb\" src=\"http:\/\/placehold.it\/250x250\" \/>\n\t\t\t\t\t\t\t<div class=\"isotopeItemOverlay\" data-indx=\"2\" data-full_url=\"http:\/\/placehold.it\/1000x800\" style=\"background-color: #6abde9;background: rgba(106, 189, 233, .15);\">\n\t\t\t\t\t\t\t\t<div class=\"rx_isotope_beacon\">\n\t\t\t\t\t\t\t\t\t<div class=\"genericBeaconIsotope\" data-href=\"#\">\n\t\t\t\t\t\t\t\t\t\t<div class=\"beaconCircle1\" style=\"background-color: #6abde9;background: rgba(106, 189, 233, .4);\"><\/div>\n\t\t\t\t\t\t\t\t\t\t<div class=\"beaconCircle2\" style=\"background-color: #6abde9;background: rgba(106, 189, 233, .8);\">\n\t\t\t\t\t\t\t\t\t\t\t<img decoding=\"async\" class=\"isotopeItemOpenLink\" src=\"https:\/\/eltalleracc.ambientals.com\/wp-content\/plugins\/isotope_gallery_installer\/images\/link_icon_beacon.png\" alt=\"\" \/>\n\t\t\t\t\t\t\t\t\t\t<\/div>\n\t\t\t\t\t\t\t\t\t<\/div>\t\n\t\t\t\t\t\t\t\t<\/div>\n\t\t\t\t\t\t\t\t<p class=\"isotopeItemCaption\">VISTA DESDE LA AGULLOLA DE LA TUTA<\/p>\t\t\t\t\t\t\t\n\t\t\t\t\t\t\t<\/div>\t\t\t\t\t\t\n\t\t\t\t\t\t<\/div><div style=\"width: 250px; height: 250px; margin: 5px;\" class=\"isotopeItem _groupB2BJD7VIBLB7U0DEMAHFQ868TWAMIDM5\">\n\t\t\t\t\t\t\t<img decoding=\"async\" class=\"isotopeThumb\" src=\"http:\/\/placehold.it\/250x250\" \/>\n\t\t\t\t\t\t\t<div class=\"isotopeItemOverlay\" data-indx=\"3\" data-full_url=\"http:\/\/placehold.it\/1000x800\" style=\"background-color: #6abde9;background: rgba(106, 189, 233, .15);\">\n\t\t\t\t\t\t\t\t<div class=\"rx_isotope_beacon\">\n\t\t\t\t\t\t\t\t\t<div class=\"genericBeaconIsotope\" data-href=\"#\">\n\t\t\t\t\t\t\t\t\t\t<div class=\"beaconCircle1\" style=\"background-color: #6abde9;background: rgba(106, 189, 233, .4);\"><\/div>\n\t\t\t\t\t\t\t\t\t\t<div class=\"beaconCircle2\" style=\"background-color: #6abde9;background: rgba(106, 189, 233, .8);\">\n\t\t\t\t\t\t\t\t\t\t\t<img decoding=\"async\" class=\"isotopeItemOpenLink\" src=\"https:\/\/eltalleracc.ambientals.com\/wp-content\/plugins\/isotope_gallery_installer\/images\/link_icon_beacon.png\" alt=\"\" \/>\n\t\t\t\t\t\t\t\t\t\t<\/div>\n\t\t\t\t\t\t\t\t\t<\/div>\t\n\t\t\t\t\t\t\t\t<\/div>\n\t\t\t\t\t\t\t\t<p class=\"isotopeItemCaption\">BELLMUNT DESDE LA AGULLOLA DE LA TUTA<\/p>\t\t\t\t\t\t\t\n\t\t\t\t\t\t\t<\/div>\t\t\t\t\t\t\n\t\t\t\t\t\t<\/div><div style=\"width: 250px; height: 250px; margin: 5px;\" class=\"isotopeItem _groupB2BJD7VIBLB7U0DEMAHFQ868TWAMIDM5\">\n\t\t\t\t\t\t\t<img decoding=\"async\" class=\"isotopeThumb\" src=\"http:\/\/placehold.it\/250x250\" \/>\n\t\t\t\t\t\t\t<div class=\"isotopeItemOverlay\" data-indx=\"4\" data-full_url=\"http:\/\/placehold.it\/1000x800\" style=\"background-color: #6abde9;background: rgba(106, 189, 233, .15);\">\n\t\t\t\t\t\t\t\t<div class=\"rx_isotope_beacon\">\n\t\t\t\t\t\t\t\t\t<div class=\"genericBeaconIsotope\" data-href=\"#\">\n\t\t\t\t\t\t\t\t\t\t<div class=\"beaconCircle1\" style=\"background-color: #6abde9;background: rgba(106, 189, 233, .4);\"><\/div>\n\t\t\t\t\t\t\t\t\t\t<div class=\"beaconCircle2\" style=\"background-color: #6abde9;background: rgba(106, 189, 233, .8);\">\n\t\t\t\t\t\t\t\t\t\t\t<img decoding=\"async\" class=\"isotopeItemOpenLink\" src=\"https:\/\/eltalleracc.ambientals.com\/wp-content\/plugins\/isotope_gallery_installer\/images\/link_icon_beacon.png\" alt=\"\" \/>\n\t\t\t\t\t\t\t\t\t\t<\/div>\n\t\t\t\t\t\t\t\t\t<\/div>\t\n\t\t\t\t\t\t\t\t<\/div>\n\t\t\t\t\t\t\t\t<p class=\"isotopeItemCaption\">SANTUARIO DE BELLMUNT<\/p>\t\t\t\t\t\t\t\n\t\t\t\t\t\t\t<\/div>\t\t\t\t\t\t\n\t\t\t\t\t\t<\/div><div style=\"width: 250px; height: 250px; margin: 5px;\" class=\"isotopeItem _groupB2BJD7VIBLB7U0DEMAHFQ868TWAMIDM5\">\n\t\t\t\t\t\t\t<img decoding=\"async\" class=\"isotopeThumb\" src=\"http:\/\/placehold.it\/250x250\" \/>\n\t\t\t\t\t\t\t<div class=\"isotopeItemOverlay\" data-indx=\"5\" data-full_url=\"http:\/\/placehold.it\/1000x800\" style=\"background-color: #6abde9;background: rgba(106, 189, 233, .15);\">\n\t\t\t\t\t\t\t\t<div class=\"rx_isotope_beacon\">\n\t\t\t\t\t\t\t\t\t<div class=\"genericBeaconIsotope\" data-href=\"#\">\n\t\t\t\t\t\t\t\t\t\t<div class=\"beaconCircle1\" style=\"background-color: #6abde9;background: rgba(106, 189, 233, .4);\"><\/div>\n\t\t\t\t\t\t\t\t\t\t<div class=\"beaconCircle2\" style=\"background-color: #6abde9;background: rgba(106, 189, 233, .8);\">\n\t\t\t\t\t\t\t\t\t\t\t<img decoding=\"async\" class=\"isotopeItemOpenLink\" src=\"https:\/\/eltalleracc.ambientals.com\/wp-content\/plugins\/isotope_gallery_installer\/images\/link_icon_beacon.png\" alt=\"\" \/>\n\t\t\t\t\t\t\t\t\t\t<\/div>\n\t\t\t\t\t\t\t\t\t<\/div>\t\n\t\t\t\t\t\t\t\t<\/div>\n\t\t\t\t\t\t\t\t<p class=\"isotopeItemCaption\">VALLE DE SALGUEDA<\/p>\t\t\t\t\t\t\t\n\t\t\t\t\t\t\t<\/div>\t\t\t\t\t\t\n\t\t\t\t\t\t<\/div><div style=\"width: 250px; height: 250px; margin: 5px;\" class=\"isotopeItem _groupLJ2WQY7T6DV5G3I159YLRFGYW4N175I7\">\n\t\t\t\t\t\t\t<img decoding=\"async\" class=\"isotopeThumb\" src=\"http:\/\/placehold.it\/250x250\" \/>\n\t\t\t\t\t\t\t<div class=\"isotopeItemOverlay\" data-indx=\"6\" data-full_url=\"http:\/\/placehold.it\/1000x800\" style=\"background-color: #6abde9;background: rgba(106, 189, 233, .15);\">\n\t\t\t\t\t\t\t\t<div class=\"rx_isotope_beacon\">\n\t\t\t\t\t\t\t\t\t<div class=\"genericBeaconIsotope\" data-href=\"#\">\n\t\t\t\t\t\t\t\t\t\t<div class=\"beaconCircle1\" style=\"background-color: #6abde9;background: rgba(106, 189, 233, .4);\"><\/div>\n\t\t\t\t\t\t\t\t\t\t<div class=\"beaconCircle2\" style=\"background-color: #6abde9;background: rgba(106, 189, 233, .8);\">\n\t\t\t\t\t\t\t\t\t\t\t<img decoding=\"async\" class=\"isotopeItemOpenLink\" src=\"https:\/\/eltalleracc.ambientals.com\/wp-content\/plugins\/isotope_gallery_installer\/images\/link_icon_beacon.png\" alt=\"\" \/>\n\t\t\t\t\t\t\t\t\t\t<\/div>\n\t\t\t\t\t\t\t\t\t<\/div>\t\n\t\t\t\t\t\t\t\t<\/div>\n\t\t\t\t\t\t\t\t<p class=\"isotopeItemCaption\">SALTO DE TIRABOUS<\/p>\t\t\t\t\t\t\t\n\t\t\t\t\t\t\t<\/div>\t\t\t\t\t\t\n\t\t\t\t\t\t<\/div><div style=\"width: 250px; height: 250px; margin: 5px;\" class=\"isotopeItem _groupLJ2WQY7T6DV5G3I159YLRFGYW4N175I7\">\n\t\t\t\t\t\t\t<img decoding=\"async\" class=\"isotopeThumb\" src=\"http:\/\/placehold.it\/250x250\" \/>\n\t\t\t\t\t\t\t<div class=\"isotopeItemOverlay\" data-indx=\"7\" data-full_url=\"http:\/\/placehold.it\/1000x800\" style=\"background-color: #6abde9;background: rgba(106, 189, 233, .15);\">\n\t\t\t\t\t\t\t\t<div class=\"rx_isotope_beacon\">\n\t\t\t\t\t\t\t\t\t<div class=\"genericBeaconIsotope\" data-href=\"#\">\n\t\t\t\t\t\t\t\t\t\t<div class=\"beaconCircle1\" style=\"background-color: #6abde9;background: rgba(106, 189, 233, .4);\"><\/div>\n\t\t\t\t\t\t\t\t\t\t<div class=\"beaconCircle2\" style=\"background-color: #6abde9;background: rgba(106, 189, 233, .8);\">\n\t\t\t\t\t\t\t\t\t\t\t<img decoding=\"async\" class=\"isotopeItemOpenLink\" src=\"https:\/\/eltalleracc.ambientals.com\/wp-content\/plugins\/isotope_gallery_installer\/images\/link_icon_beacon.png\" alt=\"\" \/>\n\t\t\t\t\t\t\t\t\t\t<\/div>\n\t\t\t\t\t\t\t\t\t<\/div>\t\n\t\t\t\t\t\t\t\t<\/div>\n\t\t\t\t\t\t\t\t<p class=\"isotopeItemCaption\">VISTA DESDE EL PLA D&#8217;AIATS<\/p>\t\t\t\t\t\t\t\n\t\t\t\t\t\t\t<\/div>\t\t\t\t\t\t\n\t\t\t\t\t\t<\/div><div style=\"width: 250px; height: 250px; margin: 5px;\" class=\"isotopeItem _groupLJ2WQY7T6DV5G3I159YLRFGYW4N175I7\">\n\t\t\t\t\t\t\t<img decoding=\"async\" class=\"isotopeThumb\" src=\"http:\/\/placehold.it\/250x250\" \/>\n\t\t\t\t\t\t\t<div class=\"isotopeItemOverlay\" data-indx=\"8\" data-full_url=\"http:\/\/placehold.it\/1000x800\" style=\"background-color: #6abde9;background: rgba(106, 189, 233, .15);\">\n\t\t\t\t\t\t\t\t<div class=\"rx_isotope_beacon\">\n\t\t\t\t\t\t\t\t\t<div class=\"genericBeaconIsotope\" data-href=\"#\">\n\t\t\t\t\t\t\t\t\t\t<div class=\"beaconCircle1\" style=\"background-color: #6abde9;background: rgba(106, 189, 233, .4);\"><\/div>\n\t\t\t\t\t\t\t\t\t\t<div class=\"beaconCircle2\" style=\"background-color: #6abde9;background: rgba(106, 189, 233, .8);\">\n\t\t\t\t\t\t\t\t\t\t\t<img decoding=\"async\" class=\"isotopeItemOpenLink\" src=\"https:\/\/eltalleracc.ambientals.com\/wp-content\/plugins\/isotope_gallery_installer\/images\/link_icon_beacon.png\" alt=\"\" \/>\n\t\t\t\t\t\t\t\t\t\t<\/div>\n\t\t\t\t\t\t\t\t\t<\/div>\t\n\t\t\t\t\t\t\t\t<\/div>\n\t\t\t\t\t\t\t\t<p class=\"isotopeItemCaption\">EL EMBALSE DE SAU<\/p>\t\t\t\t\t\t\t\n\t\t\t\t\t\t\t<\/div>\t\t\t\t\t\t\n\t\t\t\t\t\t<\/div><div style=\"width: 250px; height: 250px; margin: 5px;\" class=\"isotopeItem _groupIINP9WP1HR6I9W43H69FY0K64U5211RC\">\n\t\t\t\t\t\t\t<img decoding=\"async\" class=\"isotopeThumb\" src=\"http:\/\/placehold.it\/250x250\" \/>\n\t\t\t\t\t\t\t<div class=\"isotopeItemOverlay\" data-indx=\"9\" data-full_url=\"http:\/\/placehold.it\/1000x800\" style=\"background-color: #6abde9;background: rgba(106, 189, 233, .15);\">\n\t\t\t\t\t\t\t\t<div class=\"rx_isotope_beacon\">\n\t\t\t\t\t\t\t\t\t<div class=\"genericBeaconIsotope\" data-href=\"#\">\n\t\t\t\t\t\t\t\t\t\t<div class=\"beaconCircle1\" style=\"background-color: #6abde9;background: rgba(106, 189, 233, .4);\"><\/div>\n\t\t\t\t\t\t\t\t\t\t<div class=\"beaconCircle2\" style=\"background-color: #6abde9;background: rgba(106, 189, 233, .8);\">\n\t\t\t\t\t\t\t\t\t\t\t<img decoding=\"async\" class=\"isotopeItemOpenLink\" src=\"https:\/\/eltalleracc.ambientals.com\/wp-content\/plugins\/isotope_gallery_installer\/images\/link_icon_beacon.png\" alt=\"\" \/>\n\t\t\t\t\t\t\t\t\t\t<\/div>\n\t\t\t\t\t\t\t\t\t<\/div>\t\n\t\t\t\t\t\t\t\t<\/div>\n\t\t\t\t\t\t\t\t<p class=\"isotopeItemCaption\">IMG_0489<\/p>\t\t\t\t\t\t\t\n\t\t\t\t\t\t\t<\/div>\t\t\t\t\t\t\n\t\t\t\t\t\t<\/div><div style=\"width: 250px; height: 250px; margin: 5px;\" class=\"isotopeItem _groupIINP9WP1HR6I9W43H69FY0K64U5211RC\">\n\t\t\t\t\t\t\t<img decoding=\"async\" class=\"isotopeThumb\" src=\"http:\/\/placehold.it\/250x250\" \/>\n\t\t\t\t\t\t\t<div class=\"isotopeItemOverlay\" data-indx=\"10\" data-full_url=\"http:\/\/placehold.it\/1000x800\" style=\"background-color: #6abde9;background: rgba(106, 189, 233, .15);\">\n\t\t\t\t\t\t\t\t<div class=\"rx_isotope_beacon\">\n\t\t\t\t\t\t\t\t\t<div class=\"genericBeaconIsotope\" data-href=\"#\">\n\t\t\t\t\t\t\t\t\t\t<div class=\"beaconCircle1\" style=\"background-color: #6abde9;background: rgba(106, 189, 233, .4);\"><\/div>\n\t\t\t\t\t\t\t\t\t\t<div class=\"beaconCircle2\" style=\"background-color: #6abde9;background: rgba(106, 189, 233, .8);\">\n\t\t\t\t\t\t\t\t\t\t\t<img decoding=\"async\" class=\"isotopeItemOpenLink\" src=\"https:\/\/eltalleracc.ambientals.com\/wp-content\/plugins\/isotope_gallery_installer\/images\/link_icon_beacon.png\" alt=\"\" \/>\n\t\t\t\t\t\t\t\t\t\t<\/div>\n\t\t\t\t\t\t\t\t\t<\/div>\t\n\t\t\t\t\t\t\t\t<\/div>\n\t\t\t\t\t\t\t\t<p class=\"isotopeItemCaption\">IMG_0563<\/p>\t\t\t\t\t\t\t\n\t\t\t\t\t\t\t<\/div>\t\t\t\t\t\t\n\t\t\t\t\t\t<\/div><div style=\"width: 250px; height: 250px; margin: 5px;\" class=\"isotopeItem _groupIINP9WP1HR6I9W43H69FY0K64U5211RC\">\n\t\t\t\t\t\t\t<img decoding=\"async\" class=\"isotopeThumb\" src=\"http:\/\/placehold.it\/250x250\" \/>\n\t\t\t\t\t\t\t<div class=\"isotopeItemOverlay\" data-indx=\"11\" data-full_url=\"http:\/\/placehold.it\/1000x800\" style=\"background-color: #6abde9;background: rgba(106, 189, 233, .15);\">\n\t\t\t\t\t\t\t\t<div class=\"rx_isotope_beacon\">\n\t\t\t\t\t\t\t\t\t<div class=\"genericBeaconIsotope\" data-href=\"#\">\n\t\t\t\t\t\t\t\t\t\t<div class=\"beaconCircle1\" style=\"background-color: #6abde9;background: rgba(106, 189, 233, .4);\"><\/div>\n\t\t\t\t\t\t\t\t\t\t<div class=\"beaconCircle2\" style=\"background-color: #6abde9;background: rgba(106, 189, 233, .8);\">\n\t\t\t\t\t\t\t\t\t\t\t<img decoding=\"async\" class=\"isotopeItemOpenLink\" src=\"https:\/\/eltalleracc.ambientals.com\/wp-content\/plugins\/isotope_gallery_installer\/images\/link_icon_beacon.png\" alt=\"\" \/>\n\t\t\t\t\t\t\t\t\t\t<\/div>\n\t\t\t\t\t\t\t\t\t<\/div>\t\n\t\t\t\t\t\t\t\t<\/div>\n\t\t\t\t\t\t\t\t<p class=\"isotopeItemCaption\">IMG_0215<\/p>\t\t\t\t\t\t\t\n\t\t\t\t\t\t\t<\/div>\t\t\t\t\t\t\n\t\t\t\t\t\t<\/div><div style=\"width: 250px; height: 250px; margin: 5px;\" class=\"isotopeItem _groupIINP9WP1HR6I9W43H69FY0K64U5211RC\">\n\t\t\t\t\t\t\t<img decoding=\"async\" class=\"isotopeThumb\" src=\"http:\/\/placehold.it\/250x250\" \/>\n\t\t\t\t\t\t\t<div class=\"isotopeItemOverlay\" data-indx=\"12\" data-full_url=\"http:\/\/placehold.it\/1000x800\" style=\"background-color: #6abde9;background: rgba(106, 189, 233, .15);\">\n\t\t\t\t\t\t\t\t<div class=\"rx_isotope_beacon\">\n\t\t\t\t\t\t\t\t\t<div class=\"genericBeaconIsotope\" data-href=\"#\">\n\t\t\t\t\t\t\t\t\t\t<div class=\"beaconCircle1\" style=\"background-color: #6abde9;background: rgba(106, 189, 233, .4);\"><\/div>\n\t\t\t\t\t\t\t\t\t\t<div class=\"beaconCircle2\" style=\"background-color: #6abde9;background: rgba(106, 189, 233, .8);\">\n\t\t\t\t\t\t\t\t\t\t\t<img decoding=\"async\" class=\"isotopeItemOpenLink\" src=\"https:\/\/eltalleracc.ambientals.com\/wp-content\/plugins\/isotope_gallery_installer\/images\/link_icon_beacon.png\" alt=\"\" \/>\n\t\t\t\t\t\t\t\t\t\t<\/div>\n\t\t\t\t\t\t\t\t\t<\/div>\t\n\t\t\t\t\t\t\t\t<\/div>\n\t\t\t\t\t\t\t\t<p class=\"isotopeItemCaption\">IMG_0178<\/p>\t\t\t\t\t\t\t\n\t\t\t\t\t\t\t<\/div>\t\t\t\t\t\t\n\t\t\t\t\t\t<\/div><div style=\"width: 250px; height: 250px; margin: 5px;\" class=\"isotopeItem _groupIINP9WP1HR6I9W43H69FY0K64U5211RC\">\n\t\t\t\t\t\t\t<img decoding=\"async\" class=\"isotopeThumb\" src=\"http:\/\/placehold.it\/250x250\" \/>\n\t\t\t\t\t\t\t<div class=\"isotopeItemOverlay\" data-indx=\"13\" data-full_url=\"http:\/\/placehold.it\/1000x800\" style=\"background-color: #6abde9;background: rgba(106, 189, 233, .15);\">\n\t\t\t\t\t\t\t\t<div class=\"rx_isotope_beacon\">\n\t\t\t\t\t\t\t\t\t<div class=\"genericBeaconIsotope\" data-href=\"#\">\n\t\t\t\t\t\t\t\t\t\t<div class=\"beaconCircle1\" style=\"background-color: #6abde9;background: rgba(106, 189, 233, .4);\"><\/div>\n\t\t\t\t\t\t\t\t\t\t<div class=\"beaconCircle2\" style=\"background-color: #6abde9;background: rgba(106, 189, 233, .8);\">\n\t\t\t\t\t\t\t\t\t\t\t<img decoding=\"async\" class=\"isotopeItemOpenLink\" src=\"https:\/\/eltalleracc.ambientals.com\/wp-content\/plugins\/isotope_gallery_installer\/images\/link_icon_beacon.png\" alt=\"\" \/>\n\t\t\t\t\t\t\t\t\t\t<\/div>\n\t\t\t\t\t\t\t\t\t<\/div>\t\n\t\t\t\t\t\t\t\t<\/div>\n\t\t\t\t\t\t\t\t<p class=\"isotopeItemCaption\">IMG_0176<\/p>\t\t\t\t\t\t\t\n\t\t\t\t\t\t\t<\/div>\t\t\t\t\t\t\n\t\t\t\t\t\t<\/div><div style=\"width: 250px; height: 250px; margin: 5px;\" class=\"isotopeItem _groupIINP9WP1HR6I9W43H69FY0K64U5211RC\">\n\t\t\t\t\t\t\t<img decoding=\"async\" class=\"isotopeThumb\" src=\"http:\/\/placehold.it\/250x250\" \/>\n\t\t\t\t\t\t\t<div class=\"isotopeItemOverlay\" data-indx=\"14\" data-full_url=\"http:\/\/placehold.it\/1000x800\" style=\"background-color: #6abde9;background: rgba(106, 189, 233, .15);\">\n\t\t\t\t\t\t\t\t<div class=\"rx_isotope_beacon\">\n\t\t\t\t\t\t\t\t\t<div class=\"genericBeaconIsotope\" data-href=\"#\">\n\t\t\t\t\t\t\t\t\t\t<div class=\"beaconCircle1\" style=\"background-color: #6abde9;background: rgba(106, 189, 233, .4);\"><\/div>\n\t\t\t\t\t\t\t\t\t\t<div class=\"beaconCircle2\" style=\"background-color: #6abde9;background: rgba(106, 189, 233, .8);\">\n\t\t\t\t\t\t\t\t\t\t\t<img decoding=\"async\" class=\"isotopeItemOpenLink\" src=\"https:\/\/eltalleracc.ambientals.com\/wp-content\/plugins\/isotope_gallery_installer\/images\/link_icon_beacon.png\" alt=\"\" \/>\n\t\t\t\t\t\t\t\t\t\t<\/div>\n\t\t\t\t\t\t\t\t\t<\/div>\t\n\t\t\t\t\t\t\t\t<\/div>\n\t\t\t\t\t\t\t\t<p class=\"isotopeItemCaption\">20140502_204726<\/p>\t\t\t\t\t\t\t\n\t\t\t\t\t\t\t<\/div>\t\t\t\t\t\t\n\t\t\t\t\t\t<\/div><div style=\"width: 250px; height: 250px; margin: 5px;\" class=\"isotopeItem _groupIINP9WP1HR6I9W43H69FY0K64U5211RC\">\n\t\t\t\t\t\t\t<img decoding=\"async\" class=\"isotopeThumb\" src=\"http:\/\/placehold.it\/250x250\" \/>\n\t\t\t\t\t\t\t<div class=\"isotopeItemOverlay\" data-indx=\"15\" data-full_url=\"http:\/\/placehold.it\/1000x800\" style=\"background-color: #6abde9;background: rgba(106, 189, 233, .15);\">\n\t\t\t\t\t\t\t\t<div class=\"rx_isotope_beacon\">\n\t\t\t\t\t\t\t\t\t<div class=\"genericBeaconIsotope\" data-href=\"#\">\n\t\t\t\t\t\t\t\t\t\t<div class=\"beaconCircle1\" style=\"background-color: #6abde9;background: rgba(106, 189, 233, .4);\"><\/div>\n\t\t\t\t\t\t\t\t\t\t<div class=\"beaconCircle2\" style=\"background-color: #6abde9;background: rgba(106, 189, 233, .8);\">\n\t\t\t\t\t\t\t\t\t\t\t<img decoding=\"async\" class=\"isotopeItemOpenLink\" src=\"https:\/\/eltalleracc.ambientals.com\/wp-content\/plugins\/isotope_gallery_installer\/images\/link_icon_beacon.png\" alt=\"\" \/>\n\t\t\t\t\t\t\t\t\t\t<\/div>\n\t\t\t\t\t\t\t\t\t<\/div>\t\n\t\t\t\t\t\t\t\t<\/div>\n\t\t\t\t\t\t\t\t<p class=\"isotopeItemCaption\">20140425_182521<\/p>\t\t\t\t\t\t\t\n\t\t\t\t\t\t\t<\/div>\t\t\t\t\t\t\n\t\t\t\t\t\t<\/div><\/div><\/div>\n","protected":false},"excerpt":{"rendered":"","protected":false},"author":2,"featured_media":0,"parent":0,"menu_order":0,"comment_status":"open","ping_status":"open","template":"page-galeria.php","meta":{"_acf_changed":false,"footnotes":""},"class_list":["post-390","page","type-page","status-publish","hentry"],"acf":[],"aioseo_notices":[],"_links":{"self":[{"href":"https:\/\/eltalleracc.ambientals.com\/es\/wp-json\/wp\/v2\/pages\/390","targetHints":{"allow":["GET"]}}],"collection":[{"href":"https:\/\/eltalleracc.ambientals.com\/es\/wp-json\/wp\/v2\/pages"}],"about":[{"href":"https:\/\/eltalleracc.ambientals.com\/es\/wp-json\/wp\/v2\/types\/page"}],"author":[{"embeddable":true,"href":"https:\/\/eltalleracc.ambientals.com\/es\/wp-json\/wp\/v2\/users\/2"}],"replies":[{"embeddable":true,"href":"https:\/\/eltalleracc.ambientals.com\/es\/wp-json\/wp\/v2\/comments?post=390"}],"version-history":[{"count":2,"href":"https:\/\/eltalleracc.ambientals.com\/es\/wp-json\/wp\/v2\/pages\/390\/revisions"}],"predecessor-version":[{"id":506,"href":"https:\/\/eltalleracc.ambientals.com\/es\/wp-json\/wp\/v2\/pages\/390\/revisions\/506"}],"wp:attachment":[{"href":"https:\/\/eltalleracc.ambientals.com\/es\/wp-json\/wp\/v2\/media?parent=390"}],"curies":[{"name":"wp","href":"https:\/\/api.w.org\/{rel}","templated":true}]}}