{"id":347,"date":"2013-07-31T13:34:46","date_gmt":"2013-07-31T13:34:46","guid":{"rendered":"https:\/\/eltalleracc.ambientals.com\/area-legal-2\/"},"modified":"2014-02-15T23:30:38","modified_gmt":"2014-02-15T23:30:38","slug":"area-legal","status":"publish","type":"page","link":"https:\/\/eltalleracc.ambientals.com\/fr\/area-legal\/","title":{"rendered":"Domaine juridique"},"content":{"rendered":"<h1><strong style=\"font-size: 13px;\">A cause de sa difficult\u00e9, ces itin\u00e9raires ne conviennent pas aux personnes ayant des probl\u00e8mes de mobilit\u00e9 ou des probl\u00e8mes cardio-vasculaires.<\/strong><\/h1>\n<h1><span style=\"font-size: 13px;\">\u00a0<\/span><\/h1>\n<div>\n<h1>Mentions l\u00e9gales<\/h1>\n<p>Le pr\u00e9sent site internet appartiennent \u00e0 la soci\u00e9t\u00e9 ACC Assessors Ambientals de Catalunya, S.L., CIF B-63937973, tous les droits de reproduction, distribution son strictement interdits, ainsi comme la copie totale ou partielle de son contenu inclues les images graphiques, sans la permission de ACC. S.L.<\/p>\n<p>Toutes les informations fournies par les formulaires d&rsquo;enqu\u00eate du site Web ou des courriers, feront partie des dossiers de ACC, S.L., et seront trait\u00e9es avec la plus grande confidentialit\u00e9 conform\u00e9ment \u00e0 la <strong>loi Organique 15\/1999 du 13 D\u00e9cembre sur la Protection Des Donn\u00e9es Personnelles<\/strong>. \u00a0En nulle cas seront fournies sans l&rsquo;autorisation pr\u00e9alable de la personne concern\u00e9e, sauf dans les cas pr\u00e9vus l\u00e9galement. ACC, S.L., pourra utiliser ces donn\u00e9es avec finalit\u00e9 commerciale. Toute personne peut demander la rectification ou annulation de ses donn\u00e9es \u00e0 travers le courrier \u00e9lectronique a la dresse:\u00a0<strong>eltalleracc@ambientals.com<\/strong><\/p>\n<p>ACC, S.L. \u00a0n&rsquo;est pas responsable de l&rsquo;utilisation que les mineurs puissent faire des informations de la cite, ainsi comme tous les liens d&rsquo;autres cites en liaison avec eltalleracc.ambientals.com<\/p>\n<p>La soci\u00e9t\u00e9 se r\u00e9serve le droit de mettre \u00e0 jour, de modifier ou de supprimer toute information ou contenu du site graphique sans pr\u00e9avis et sans assumer aucune responsabilit\u00e9.<\/p>\n<p><strong>Territori Natural &#8211; Territoire Naturel<\/strong>\u00a0&#8211; est une marque de la soci\u00e9t\u00e9 ACC Assessors Ambientals de Catalunya, S.L. parmi laquelle on d\u00e9veloppe des activit\u00e9s de d\u00e9couverte de l&rsquo;environnement.<\/p>\n<p><b>\u00a0<\/b><\/p>\n<div>\n<h1>Agences organisatrices<\/h1>\n<p><strong>Toutes les routes seront soutrait\u00e9s par les divers agences qui traiteront les r\u00e9servations que vous envoyez \u00e0 partir du Web.\u00a0<\/strong><\/p>\n<p><strong>Cooinda Travel, S.L.U.<\/strong>\u00a0organisatrice, suivant la loi des agences de voyage. \u00c9tablie \u00e0: Ronda Universitat 7, 1\u00ba-1\u00aa \u2013 08007 de Barcelona avec num\u00e9ro d&rsquo;identification fiscale B-65431686 et le titre\u00a0<strong>GCMD-291.<\/strong><\/p>\n<p><strong>Fent Milles, S.L.<\/strong>\u00a0organisatrice, suivant la loi des agences de voyage. \u00c9tablie \u00e0: Carrer de l\u2019antic Cam\u00ed del Pilar, 39 baixos 08512 de Sant Hip\u00f2lit de Voltreg\u00e0 avec num\u00e9ro d&rsquo;identification fiscale\u00a0B-63427017 et le titre\u00a0<strong>GC-1136.<\/strong><\/p>\n<p>&nbsp;<\/p>\n<h1>Politique de \u201cCookies\u201d<\/h1>\n<p>Pour le bon fonctionnement du site <span style=\"text-decoration: underline;\">eltalleracc.ambientals.com<\/span> le syst\u00e8me de navigation et le logiciel utilis\u00e9 inclue certaines donn\u00e9es de navigation (ci-apr\u00e8s d\u00e9nomm\u00e9s \u00abcookies\u00bb) qui sont n\u00e9cessaires \u00e0 l&rsquo;utilisation des protocoles de communication d&rsquo;Internet. Les \u00abcookies\u00bb sont de petits fichiers textes stock\u00e9s par le navigateur lorsque vous naviguez sur des sites et applications. Vous pouvez vous procurer l&rsquo;adresse IP utilis\u00e9e par l\u2019 ordinateur pour \u00a0se connecter au web, l&rsquo;URL du site que vous souhaitez, lors de la connexion et d&rsquo;autres param\u00e8tres concernant le syst\u00e8me d&rsquo;exploitation de l&rsquo;environnement informatique de l\u2019 utilisateur. Cette information n&rsquo;est pas associ\u00e9e \u00e0 une personne d\u00fb que les donn\u00e9es d&rsquo;identification personnelles ne sont pas stock\u00e9es, il s\u2019agit uniquement des informations recueillies pour identifier la session afin de faciliter l&rsquo;analyse du site.<\/p>\n<p>Les \u00abcookies\u00bb sont stock\u00e9s dans la m\u00e9moire du navigateur de l&rsquo;utilisateur, mais les informations qu&rsquo;ils contiennent ne sont utilis\u00e9es.<\/p>\n<p>Dans cette section nous donnerons aux utilisateurs, sp\u00e9cifiques d&rsquo;information des \u00abcookies\u00bb \u00a0utilis\u00e9s sur notre site Web et nous informerons aux utilisateurs, des fa\u00e7ons les plus courantes pour les supprimer ou les d\u00e9sactiver. Pour contr\u00f4ler l&rsquo;utilisation des \u00ab\u00a0cookies\u00a0\u00bb par les sites Web, l&rsquo;utilisateur peut r\u00e9gler les param\u00e8tres de votre navigateur de confidentialit\u00e9. Si vous d\u00e9sactivez compl\u00e8tement les \u00ab\u00a0cookies\u00a0\u00bb, il est possible que certains services <span style=\"text-decoration: underline;\">eltalleracc.ambientals.com<\/span> ne fonctionnent plus correctement.<\/p>\n<p>&nbsp;<\/p>\n<p><span style=\"font-size: 1.5em;\">&#8211; Gestion des \u201ccookies\u201d<\/span><\/p>\n<p>M\u00eame si\u00a0<span style=\"color: #888888;\"><a href=\"https:\/\/eltalleracc.ambientals.com\/\"><span style=\"color: #888888;\">eltalleracc.ambientals.com<\/span><\/a><\/span>\u00a0n&rsquo;utilise pas de \u201ccookies\u201d pour collecter des donn\u00e9es d&rsquo;identification personnelles, notez la fa\u00e7on dont l&rsquo;utilisateur peut limiter ou bloquer les \u201ccookies\u201d lorsque vous naviguez sur le site\u00a0<span style=\"color: #888888;\"><a href=\"https:\/\/eltalleracc.ambientals.com\/\"><span style=\"color: #888888;\">eltalleracc.ambientals.com<\/span><\/a><\/span>.<\/p>\n<p>Nous conseillons le site\u00a0<span style=\"color: #888888;\"><a href=\"http:\/\/www.aboutcookies.org\/\"><span style=\"color: #888888;\">www.aboutcookies.org<\/span><\/a><\/span>\u00a0aux utilisateurs qui voudront plus d&rsquo;informations et de d\u00e9tails sur la gestion des \u201ccookies\u201d.<\/p>\n<p>Cette adresse \u00a0 http:\/\/www.aboutcookies.org\/Default.aspx?page=1\u00a0se trouve la gestion des \u00abcookies\u00bb selon le navigateur.<\/p>\n<\/div>\n<\/div>\n","protected":false},"excerpt":{"rendered":"<p>A cause de sa difficult\u00e9, ces itin\u00e9raires ne conviennent pas aux personnes ayant des probl\u00e8mes de mobilit\u00e9 ou des probl\u00e8mes cardio-vasculaires. \u00a0 Mentions l\u00e9gales Le pr\u00e9sent site internet appartiennent \u00e0 la soci\u00e9t\u00e9 ACC Assessors Ambientals de Catalunya, S.L., CIF B-63937973, tous les droits de reproduction, distribution son strictement interdits, ainsi comme la copie totale ou [&hellip;]<\/p>\n","protected":false},"author":2,"featured_media":0,"parent":0,"menu_order":0,"comment_status":"open","ping_status":"open","template":"","meta":{"_acf_changed":false,"footnotes":""},"class_list":["post-347","page","type-page","status-publish","hentry"],"acf":[],"aioseo_notices":[],"_links":{"self":[{"href":"https:\/\/eltalleracc.ambientals.com\/fr\/wp-json\/wp\/v2\/pages\/347","targetHints":{"allow":["GET"]}}],"collection":[{"href":"https:\/\/eltalleracc.ambientals.com\/fr\/wp-json\/wp\/v2\/pages"}],"about":[{"href":"https:\/\/eltalleracc.ambientals.com\/fr\/wp-json\/wp\/v2\/types\/page"}],"author":[{"embeddable":true,"href":"https:\/\/eltalleracc.ambientals.com\/fr\/wp-json\/wp\/v2\/users\/2"}],"replies":[{"embeddable":true,"href":"https:\/\/eltalleracc.ambientals.com\/fr\/wp-json\/wp\/v2\/comments?post=347"}],"version-history":[{"count":4,"href":"https:\/\/eltalleracc.ambientals.com\/fr\/wp-json\/wp\/v2\/pages\/347\/revisions"}],"predecessor-version":[{"id":584,"href":"https:\/\/eltalleracc.ambientals.com\/fr\/wp-json\/wp\/v2\/pages\/347\/revisions\/584"}],"wp:attachment":[{"href":"https:\/\/eltalleracc.ambientals.com\/fr\/wp-json\/wp\/v2\/media?parent=347"}],"curies":[{"name":"wp","href":"https:\/\/api.w.org\/{rel}","templated":true}]}}