{"id":350,"date":"2013-07-31T09:14:10","date_gmt":"2013-07-31T09:14:10","guid":{"rendered":"https:\/\/eltalleracc.ambientals.com\/activitats-2\/"},"modified":"2014-02-15T23:01:31","modified_gmt":"2014-02-15T23:01:31","slug":"activites","status":"publish","type":"page","link":"https:\/\/eltalleracc.ambientals.com\/fr\/activites\/","title":{"rendered":"ACTIVIT\u00c9S"},"content":{"rendered":"<p>Chaque jour de randonn\u00e9e, une fois finie la journ\u00e9e, et en attendant le d\u00eener, vous aurez du temps libre, vous pourrez profiter \u00e0 votre guise, ou opter pour pratiquer des activit\u00e9s compl\u00e9mentaires que nous vous proposons ci-dessous.<\/p>\n<p>Il faut noter que certaines activit\u00e9s ont besoin d&rsquo;un nombre minimum de participants pour se r\u00e9aliser. Dans d&rsquo;autres cas, l&rsquo;activit\u00e9 est \u00e9troitement li\u00e9e \u00e0 une zone particuli\u00e8re du territoire, et par cons\u00e9quent, elle ne pourra se r\u00e9aliser qu&rsquo;un jour concret dans l&rsquo;itin\u00e9raire.<\/p>\n<p>Ces activit\u00e9s ne sont pas inclues dans le prix total du forfait et seront factur\u00e9s en souplement avant de les mettre en place.<\/p>\n","protected":false},"excerpt":{"rendered":"<p>Chaque jour de randonn\u00e9e, une fois finie la journ\u00e9e, et en attendant le d\u00eener, vous aurez du temps libre, vous pourrez profiter \u00e0 votre guise, ou opter pour pratiquer des activit\u00e9s compl\u00e9mentaires que nous vous proposons ci-dessous. Il faut noter que certaines activit\u00e9s ont besoin d&rsquo;un nombre minimum de participants pour se r\u00e9aliser. Dans d&rsquo;autres [&hellip;]<\/p>\n","protected":false},"author":2,"featured_media":0,"parent":0,"menu_order":0,"comment_status":"open","ping_status":"open","template":"page-activitats.php","meta":{"_acf_changed":false,"footnotes":""},"class_list":["post-350","page","type-page","status-publish","hentry"],"acf":[],"aioseo_notices":[],"_links":{"self":[{"href":"https:\/\/eltalleracc.ambientals.com\/fr\/wp-json\/wp\/v2\/pages\/350","targetHints":{"allow":["GET"]}}],"collection":[{"href":"https:\/\/eltalleracc.ambientals.com\/fr\/wp-json\/wp\/v2\/pages"}],"about":[{"href":"https:\/\/eltalleracc.ambientals.com\/fr\/wp-json\/wp\/v2\/types\/page"}],"author":[{"embeddable":true,"href":"https:\/\/eltalleracc.ambientals.com\/fr\/wp-json\/wp\/v2\/users\/2"}],"replies":[{"embeddable":true,"href":"https:\/\/eltalleracc.ambientals.com\/fr\/wp-json\/wp\/v2\/comments?post=350"}],"version-history":[{"count":3,"href":"https:\/\/eltalleracc.ambientals.com\/fr\/wp-json\/wp\/v2\/pages\/350\/revisions"}],"predecessor-version":[{"id":578,"href":"https:\/\/eltalleracc.ambientals.com\/fr\/wp-json\/wp\/v2\/pages\/350\/revisions\/578"}],"wp:attachment":[{"href":"https:\/\/eltalleracc.ambientals.com\/fr\/wp-json\/wp\/v2\/media?parent=350"}],"curies":[{"name":"wp","href":"https:\/\/api.w.org\/{rel}","templated":true}]}}