{"id":380,"date":"2013-07-31T13:05:38","date_gmt":"2013-07-31T13:05:38","guid":{"rendered":"https:\/\/eltalleracc.ambientals.com\/reserves-2\/"},"modified":"2014-02-15T22:33:31","modified_gmt":"2014-02-15T22:33:31","slug":"reservations","status":"publish","type":"page","link":"https:\/\/eltalleracc.ambientals.com\/fr\/reservations\/","title":{"rendered":"RESERVATIONS"},"content":{"rendered":"<p>Vous pouvez r\u00e9server votre randonn\u00e9e suivant le formulaire en indiquant tous les commentaires que vous pensez appropri\u00e9s.<\/p>\n<p>Aussi, vous pouvez r\u00e9server en pr\u00e9sence, par courrier \u00e9lectronique ou par t\u00e9l\u00e9phone, nous serons heureux de vous aider.<\/p>\n<p>La p\u00e9riode de r\u00e9servation minimum est de 15 jours, soumis \u00e0 disponibilit\u00e9.<\/p>\n<p>Les randonn\u00e9s sont pens\u00e9s pour les adultes ou jeunes de plus de 16 ans accompagn\u00e9s d&rsquo;un adulte.<\/p>\n<p>&nbsp;<\/p>\n<p style=\"text-align: left;\"><strong>Cooinda Travel<\/strong><\/p>\n<p style=\"text-align: left;\">Ronda Universitat, 7 1\u00ba 1\u00aa<\/p>\n<p style=\"text-align: left;\">08007 \u00a0Barcelona<\/p>\n<p style=\"text-align: left;\">Tl.\u00a0933187084<\/p>\n<p>&nbsp;<\/p>\n<p><strong>Fent Milles<\/strong><\/p>\n<p>C\/Antic Cam\u00ed del Pilar, 39 Baixos<\/p>\n<p>08512 Sant Hip\u00f2lit de Voltreg\u00e0<\/p>\n<p>Tl. 938571313<\/p>\n<p>&nbsp;<\/p>\n<p><strong>Territori Natural<\/strong><\/p>\n<p>eltalleracc@ambientals.com<\/p>\n<p>Tl. 938857272<\/p>\n<p>M. 649171776<\/p>\n<p>eltalleracc.ambientals.com<\/p>\n<p>&nbsp;<\/p>\n<p><strong>\u00a0<\/strong><\/p>\n","protected":false},"excerpt":{"rendered":"<p>Vous pouvez r\u00e9server votre randonn\u00e9e suivant le formulaire en indiquant tous les commentaires que vous pensez appropri\u00e9s. Aussi, vous pouvez r\u00e9server en pr\u00e9sence, par courrier \u00e9lectronique ou par t\u00e9l\u00e9phone, nous serons heureux de vous aider. La p\u00e9riode de r\u00e9servation minimum est de 15 jours, soumis \u00e0 disponibilit\u00e9. Les randonn\u00e9s sont pens\u00e9s pour les adultes ou [&hellip;]<\/p>\n","protected":false},"author":2,"featured_media":0,"parent":0,"menu_order":0,"comment_status":"open","ping_status":"open","template":"page-contactar.php","meta":{"_acf_changed":false,"footnotes":""},"class_list":["post-380","page","type-page","status-publish","hentry"],"acf":[],"aioseo_notices":[],"_links":{"self":[{"href":"https:\/\/eltalleracc.ambientals.com\/fr\/wp-json\/wp\/v2\/pages\/380","targetHints":{"allow":["GET"]}}],"collection":[{"href":"https:\/\/eltalleracc.ambientals.com\/fr\/wp-json\/wp\/v2\/pages"}],"about":[{"href":"https:\/\/eltalleracc.ambientals.com\/fr\/wp-json\/wp\/v2\/types\/page"}],"author":[{"embeddable":true,"href":"https:\/\/eltalleracc.ambientals.com\/fr\/wp-json\/wp\/v2\/users\/2"}],"replies":[{"embeddable":true,"href":"https:\/\/eltalleracc.ambientals.com\/fr\/wp-json\/wp\/v2\/comments?post=380"}],"version-history":[{"count":2,"href":"https:\/\/eltalleracc.ambientals.com\/fr\/wp-json\/wp\/v2\/pages\/380\/revisions"}],"predecessor-version":[{"id":576,"href":"https:\/\/eltalleracc.ambientals.com\/fr\/wp-json\/wp\/v2\/pages\/380\/revisions\/576"}],"wp:attachment":[{"href":"https:\/\/eltalleracc.ambientals.com\/fr\/wp-json\/wp\/v2\/media?parent=380"}],"curies":[{"name":"wp","href":"https:\/\/api.w.org\/{rel}","templated":true}]}}