{"id":386,"date":"2013-07-31T09:13:17","date_gmt":"2013-07-31T09:13:17","guid":{"rendered":"https:\/\/eltalleracc.ambientals.com\/qui-som-2\/"},"modified":"2014-10-29T12:48:52","modified_gmt":"2014-10-29T12:48:52","slug":"qui-sommes-nous","status":"publish","type":"page","link":"https:\/\/eltalleracc.ambientals.com\/fr\/qui-sommes-nous\/","title":{"rendered":"QUI SOMMES-NOUS"},"content":{"rendered":"<p><strong>Territori Natural, \u00a0<\/strong>est un groupe de personnes d\u00e9di\u00e9s \u00e0 l&rsquo;organisation de randonn\u00e9s guid\u00e9es, permettant au participant un bon d\u00e9covert de notre environnement. Une exp\u00e9rience touristique singulier de la randonn\u00e9e, qui nous permet de d\u00e9couvrir autrement le territoire naturel. Avec la finalit\u00e9 de mieux conna\u00eetre l&#8217;emplacement, des guides qualifi\u00e9s nous conduisent dans le terrain, nous montrant des paysage idylliques, des curiosit\u00e9s de l&rsquo;environnement, des produits typiques et beaucoup d&rsquo;autres charmes compl\u00e9mentaires.<\/p>\n<p><strong>Territori Natural, <\/strong>est form\u00e9 par l&rsquo;union de diff\u00e9rents professionnels experts du terrain; soit guides sp\u00e9cialis\u00e9s ou agences de voyage. Tous ensemble, nous travaillons pour cr\u00e9er un produit \u00e9co-touristique tr\u00e8s caract\u00e9ristique, dans lequel chaque professionnel apporte le mieux de lui-m\u00eame, en le rendant unique.<\/p>\n<p>Les professionnels, les plus dot\u00e9s et exp\u00e9riment\u00e9s de le territoire, contribuent \u00e0 faire d\u00e9couvrir les endroits les plus curieux \u00e0 visiter, ainsi comme les randonn\u00e9s le plus appropri\u00e9s, parmi lesquels on peut s&rsquo;amuser et applaudir les meilleurs paysages et produits traditionnels.<\/p>\n<p>Les guides sp\u00e9cialis\u00e9s veillent pour que l&rsquo;activit\u00e9 dans le sentier soit r\u00e9alis\u00e9e de fa\u00e7on s\u00fbre et professionnelle.<\/p>\n<p>Finalement, les agences de voyages nous offrent leur exp\u00e9rience dans la commercialisation et gestion de produits touristiques et \u00e9co-touristiques.<\/p>\n<p>Le r\u00e9sultat, de cette offre de d\u00e9couverte de l&rsquo;environnement naturel et rustique \u00a0parmi les randonn\u00e9es, a le but d&rsquo;approfondir et appr\u00e9cier en premi\u00e8re personne, leurs charmes. L&rsquo;exp\u00e9rience vous permettra jouir du paysage, de son environnement et des ses produits sans se soucier de quoi d&rsquo;autre. Nous faisons le reste.<\/p>\n<p><strong>Venez et laissez-vous attirer par des exp\u00e9riences \u00e9co-touristiques uniques.\u00a0<\/strong><\/p>\n","protected":false},"excerpt":{"rendered":"<p>Territori Natural, \u00a0est un groupe de personnes d\u00e9di\u00e9s \u00e0 l&rsquo;organisation de randonn\u00e9s guid\u00e9es, permettant au participant un bon d\u00e9covert de notre environnement. Une exp\u00e9rience touristique singulier de la randonn\u00e9e, qui nous permet de d\u00e9couvrir autrement le territoire naturel. Avec la finalit\u00e9 de mieux conna\u00eetre l&#8217;emplacement, des guides qualifi\u00e9s nous conduisent dans le terrain, nous montrant [&hellip;]<\/p>\n","protected":false},"author":2,"featured_media":0,"parent":0,"menu_order":0,"comment_status":"open","ping_status":"open","template":"page-quisom.php","meta":{"_acf_changed":false,"footnotes":""},"class_list":["post-386","page","type-page","status-publish","hentry"],"acf":[],"aioseo_notices":[],"_links":{"self":[{"href":"https:\/\/eltalleracc.ambientals.com\/fr\/wp-json\/wp\/v2\/pages\/386","targetHints":{"allow":["GET"]}}],"collection":[{"href":"https:\/\/eltalleracc.ambientals.com\/fr\/wp-json\/wp\/v2\/pages"}],"about":[{"href":"https:\/\/eltalleracc.ambientals.com\/fr\/wp-json\/wp\/v2\/types\/page"}],"author":[{"embeddable":true,"href":"https:\/\/eltalleracc.ambientals.com\/fr\/wp-json\/wp\/v2\/users\/2"}],"replies":[{"embeddable":true,"href":"https:\/\/eltalleracc.ambientals.com\/fr\/wp-json\/wp\/v2\/comments?post=386"}],"version-history":[{"count":4,"href":"https:\/\/eltalleracc.ambientals.com\/fr\/wp-json\/wp\/v2\/pages\/386\/revisions"}],"predecessor-version":[{"id":611,"href":"https:\/\/eltalleracc.ambientals.com\/fr\/wp-json\/wp\/v2\/pages\/386\/revisions\/611"}],"wp:attachment":[{"href":"https:\/\/eltalleracc.ambientals.com\/fr\/wp-json\/wp\/v2\/media?parent=386"}],"curies":[{"name":"wp","href":"https:\/\/api.w.org\/{rel}","templated":true}]}}