{"id":392,"date":"2013-07-31T09:13:45","date_gmt":"2013-07-31T09:13:45","guid":{"rendered":"https:\/\/eltalleracc.ambientals.com\/preus-2\/"},"modified":"2015-09-03T05:42:00","modified_gmt":"2015-09-03T05:42:00","slug":"preus","status":"publish","type":"page","link":"https:\/\/eltalleracc.ambientals.com\/fr\/preus\/","title":{"rendered":"PRIX"},"content":{"rendered":"<p>Ceux-ci sont les prix Ils comprennent le logement en chambre double, dans des h\u00f4tels en classe touristique et chambres d&rsquo;h\u00f4tes, sous r\u00e9gime de pension compl\u00e8te, hors boissons suppl\u00e9mentaires; ainsi comme le transport des bagages d&rsquo;un endroit \u00e0 l&rsquo;autre, et aussi des voyageurs dans le cas o\u00f9 l&rsquo;itin\u00e9raire le requerrait, et l&rsquo;accompagnement d&rsquo;un guide intitul\u00e9 qui accompagnera les voyageurs pendant le circuit de randonn\u00e9e, en expliquant en d\u00e9tail les particularit\u00e9s du paysage et de l&rsquo;environnement. L&rsquo;h\u00e9bergement peut varier selon les dates et la disponibilit\u00e9. L&rsquo;assurance est obligatoire et elle est inclue au prix total, d\u00e8s l&rsquo;agence vous recevrez un r\u00e9sum\u00e9 des couvertures et les conditions g\u00e9n\u00e9rales avant de r\u00e9server.<\/p>\n<p>Tous les routes ont inclues dans le prix l&rsquo;imp\u00f4t de la valeur ajout\u00e9e.<\/p>\n<p>&nbsp;<\/p>\n","protected":false},"excerpt":{"rendered":"<p>Ceux-ci sont les prix Ils comprennent le logement en chambre double, dans des h\u00f4tels en classe touristique et chambres d&rsquo;h\u00f4tes, sous r\u00e9gime de pension compl\u00e8te, hors boissons suppl\u00e9mentaires; ainsi comme le transport des bagages d&rsquo;un endroit \u00e0 l&rsquo;autre, et aussi des voyageurs dans le cas o\u00f9 l&rsquo;itin\u00e9raire le requerrait, et l&rsquo;accompagnement d&rsquo;un guide intitul\u00e9 qui [&hellip;]<\/p>\n","protected":false},"author":2,"featured_media":0,"parent":0,"menu_order":0,"comment_status":"open","ping_status":"open","template":"page-preus.php","meta":{"_acf_changed":false,"footnotes":""},"class_list":["post-392","page","type-page","status-publish","hentry"],"acf":[],"aioseo_notices":[],"_links":{"self":[{"href":"https:\/\/eltalleracc.ambientals.com\/fr\/wp-json\/wp\/v2\/pages\/392","targetHints":{"allow":["GET"]}}],"collection":[{"href":"https:\/\/eltalleracc.ambientals.com\/fr\/wp-json\/wp\/v2\/pages"}],"about":[{"href":"https:\/\/eltalleracc.ambientals.com\/fr\/wp-json\/wp\/v2\/types\/page"}],"author":[{"embeddable":true,"href":"https:\/\/eltalleracc.ambientals.com\/fr\/wp-json\/wp\/v2\/users\/2"}],"replies":[{"embeddable":true,"href":"https:\/\/eltalleracc.ambientals.com\/fr\/wp-json\/wp\/v2\/comments?post=392"}],"version-history":[{"count":7,"href":"https:\/\/eltalleracc.ambientals.com\/fr\/wp-json\/wp\/v2\/pages\/392\/revisions"}],"predecessor-version":[{"id":702,"href":"https:\/\/eltalleracc.ambientals.com\/fr\/wp-json\/wp\/v2\/pages\/392\/revisions\/702"}],"wp:attachment":[{"href":"https:\/\/eltalleracc.ambientals.com\/fr\/wp-json\/wp\/v2\/media?parent=392"}],"curies":[{"name":"wp","href":"https:\/\/api.w.org\/{rel}","templated":true}]}}